{"id":223922,"date":"2026-03-07T15:13:52","date_gmt":"2026-03-07T14:13:52","guid":{"rendered":"https:\/\/bobbergarage.li\/?post_type=product&#038;p=223922"},"modified":"2026-03-07T15:13:52","modified_gmt":"2026-03-07T14:13:52","slug":"umhaengetasche-jules","status":"publish","type":"product","link":"https:\/\/bobbergarage.li\/en\/product\/umhaengetasche-jules\/","title":{"rendered":"Umh\u00e4ngetasche &#8222;Jules&#8220;"},"content":{"rendered":"<p><strong>Material:<\/strong> Rindsleder<\/p>\n<p><strong>Gr\u00f6sse:<\/strong> L20cm\/H22cm<\/p>\n<ul>\n<li>L\u00e4ngenverstellbarer Trageriemen<\/li>\n<li>zwei Reissverschlussf\u00e4cher aussen<\/li>\n<li>Magnetverschluss<\/li>\n<\/ul>\n<p><strong>Kundeninformation:<\/strong> Kratzer und Farbunterschiede geh\u00f6ren zum Charakter dieses Leders und sind kein Mangel.<\/p>","protected":false},"excerpt":{"rendered":"<p>Material: Rindsleder Gr\u00f6sse: L20cm\/H22cm L\u00e4ngenverstellbarer Trageriemen zwei Reissverschlussf\u00e4cher aussen Magnetverschluss Kundeninformation: Kratzer und Farbunterschiede geh\u00f6ren zum Charakter dieses Leders und sind kein Mangel.<\/p>","protected":false},"featured_media":1685,"comment_status":"closed","ping_status":"closed","template":"","meta":{"_et_pb_use_builder":"","_et_pb_old_content":"","_et_gb_content_width":""},"product_brand":[],"product_cat":[30],"product_tag":[],"class_list":{"0":"post-223922","1":"product","2":"type-product","3":"status-publish","4":"has-post-thumbnail","6":"product_cat-accessories","8":"first","9":"instock","10":"taxable","11":"shipping-taxable","12":"purchasable","13":"product-type-variable"},"_links":{"self":[{"href":"https:\/\/bobbergarage.li\/en\/wp-json\/wp\/v2\/product\/223922","targetHints":{"allow":["GET"]}}],"collection":[{"href":"https:\/\/bobbergarage.li\/en\/wp-json\/wp\/v2\/product"}],"about":[{"href":"https:\/\/bobbergarage.li\/en\/wp-json\/wp\/v2\/types\/product"}],"replies":[{"embeddable":true,"href":"https:\/\/bobbergarage.li\/en\/wp-json\/wp\/v2\/comments?post=223922"}],"wp:featuredmedia":[{"embeddable":true,"href":"https:\/\/bobbergarage.li\/en\/wp-json\/wp\/v2\/media\/1685"}],"wp:attachment":[{"href":"https:\/\/bobbergarage.li\/en\/wp-json\/wp\/v2\/media?parent=223922"}],"wp:term":[{"taxonomy":"product_brand","embeddable":true,"href":"https:\/\/bobbergarage.li\/en\/wp-json\/wp\/v2\/product_brand?post=223922"},{"taxonomy":"product_cat","embeddable":true,"href":"https:\/\/bobbergarage.li\/en\/wp-json\/wp\/v2\/product_cat?post=223922"},{"taxonomy":"product_tag","embeddable":true,"href":"https:\/\/bobbergarage.li\/en\/wp-json\/wp\/v2\/product_tag?post=223922"}],"curies":[{"name":"wp","href":"https:\/\/api.w.org\/{rel}","templated":true}]}}