{"id":221831,"date":"2025-11-09T10:30:12","date_gmt":"2025-11-09T09:30:12","guid":{"rendered":"https:\/\/bobbergarage.li\/versand__lieferung\/"},"modified":"2026-03-07T15:30:21","modified_gmt":"2026-03-07T14:30:21","slug":"versand__lieferung","status":"publish","type":"page","link":"https:\/\/bobbergarage.li\/de\/versand__lieferung\/","title":{"rendered":"Versand &#038; Lieferung"},"content":{"rendered":"<p>[et_pb_section fb_built=&#8221;1&#8243; admin_label=&#8221;section&#8221; _builder_version=&#8221;4.27.4&#8243; background_color=&#8221;RGBA(255,255,255,0)&#8221; global_colors_info=&#8221;{}&#8221;][et_pb_row admin_label=&#8221;row&#8221; _builder_version=&#8221;4.16&#8243; background_size=&#8221;initial&#8221; background_position=&#8221;top_left&#8221; background_repeat=&#8221;repeat&#8221; global_colors_info=&#8221;{}&#8221;][et_pb_column type=&#8221;4_4&#8243; _builder_version=&#8221;4.16&#8243; custom_padding=&#8221;|||&#8221; global_colors_info=&#8221;{}&#8221; custom_padding__hover=&#8221;|||&#8221;][et_pb_text admin_label=&#8221;Text&#8221; _builder_version=&#8221;4.27.6&#8243; text_font_size=&#8221;15px&#8221; background_size=&#8221;initial&#8221; background_position=&#8221;top_left&#8221; background_repeat=&#8221;repeat&#8221; hover_enabled=&#8221;0&#8243; header_font_size_tablet=&#8221;26px&#8221; header_font_size_phone=&#8221;24px&#8221; header_font_size_last_edited=&#8221;on|tablet&#8221; global_colors_info=&#8221;{}&#8221; sticky_enabled=&#8221;0&#8243;]<\/p>\n<h1><strong>Preise, Versandkosten und Lieferinformationen<\/strong><\/h1>\n<p>Die auf den Produktseiten genannten Preise enthalten die gesetzliche Mehrwertsteuer und sonstige Preisbestandteile.<\/p>\n<p>Zus\u00e4tzlich zu den angegebenen Preisen berechnen wir f\u00fcr die Lieferung folgende Versandkosten pro Bestellung basierend auf dem Gewicht des Paketes:<\/p>\n<table border=\"1\" style=\"border-collapse: collapse; width: 100%; height: 312px;\">\n<tbody>\n<tr style=\"height: 24px;\">\n<td style=\"width: 33.3333%; text-align: center; height: 24px;\"><strong>Region<\/strong><\/td>\n<td style=\"width: 33.3333%; text-align: center; height: 24px;\"><strong>Gewicht<\/strong><\/td>\n<td style=\"width: 33.3333%; text-align: center; height: 24px;\"><strong>Kosten<\/strong><\/td>\n<\/tr>\n<tr style=\"height: 24px;\">\n<td style=\"width: 33.3333%; text-align: left; height: 24px;\">Liechtenstein, Schweiz<\/td>\n<td style=\"width: 33.3333%; height: 24px;\">0.0 &#8211; 2.0 kg<\/td>\n<td style=\"width: 33.3333%; height: 24px;\">8.50 CHF<\/td>\n<\/tr>\n<tr style=\"height: 24px;\">\n<td style=\"width: 33.3333%; text-align: left; height: 24px;\"><\/td>\n<td style=\"width: 33.3333%; height: 24px;\">2.0 &#8211; 5.0 kg<\/td>\n<td style=\"width: 33.3333%; height: 24px;\">10.00 CHF<\/td>\n<\/tr>\n<tr style=\"height: 24px;\">\n<td style=\"width: 33.3333%; text-align: left; height: 24px;\"><\/td>\n<td style=\"width: 33.3333%; height: 24px;\">5.0 &#8211; 10.0 kg<\/td>\n<td style=\"width: 33.3333%; height: 24px;\">11.50 CHF<\/td>\n<\/tr>\n<tr style=\"height: 24px;\">\n<td style=\"width: 33.3333%; text-align: left; height: 24px;\"><\/td>\n<td style=\"width: 33.3333%; height: 24px;\">10.0 &#8211; 20.0 kg<\/td>\n<td style=\"width: 33.3333%; height: 24px;\">16.00 CHF<\/td>\n<\/tr>\n<tr>\n<td style=\"width: 33.3333%; text-align: left;\"><\/td>\n<td style=\"width: 33.3333%;\"><\/td>\n<td style=\"width: 33.3333%;\"><\/td>\n<\/tr>\n<tr style=\"height: 24px;\">\n<td style=\"width: 33.3333%; text-align: left; height: 24px;\">Europa<\/td>\n<td style=\"width: 33.3333%; height: 24px;\">0.0 &#8211; 0.5 kg<\/td>\n<td style=\"width: 33.3333%; height: 24px;\">19.00 CHF<\/td>\n<\/tr>\n<tr style=\"height: 24px;\">\n<td style=\"width: 33.3333%; text-align: left; height: 24px;\"><\/td>\n<td style=\"width: 33.3333%; height: 24px;\">0.5 &#8211; 1.0 kg<\/td>\n<td style=\"width: 33.3333%; height: 24px;\">25.00 CHF<\/td>\n<\/tr>\n<tr style=\"height: 24px;\">\n<td style=\"width: 33.3333%; text-align: left; height: 24px;\"><\/td>\n<td style=\"width: 33.3333%; height: 24px;\">1.0 &#8211; 2.0 kg<\/td>\n<td style=\"width: 33.3333%; height: 24px;\">35.00 CHF<\/td>\n<\/tr>\n<tr style=\"height: 24px;\">\n<td style=\"width: 33.3333%; text-align: left; height: 24px;\"><\/td>\n<td style=\"width: 33.3333%; height: 24px;\">2.0 &#8211; 5.0 kg<\/td>\n<td style=\"width: 33.3333%; height: 24px;\">46.00 CHF<\/td>\n<\/tr>\n<tr>\n<td style=\"width: 33.3333%; text-align: left;\"><\/td>\n<td style=\"width: 33.3333%;\"><\/td>\n<td style=\"width: 33.3333%;\"><\/td>\n<\/tr>\n<tr style=\"height: 24px;\">\n<td style=\"width: 33.3333%; text-align: left; height: 24px;\">Weltweit<\/td>\n<td style=\"width: 33.3333%; height: 24px;\">0.0 &#8211; 0.5 kg<\/td>\n<td style=\"width: 33.3333%; height: 24px;\">22.00 CHF<\/td>\n<\/tr>\n<tr style=\"height: 24px;\">\n<td style=\"width: 33.3333%; text-align: left; height: 24px;\"><\/td>\n<td style=\"width: 33.3333%; height: 24px;\">0.5 &#8211; 1.0 kg<\/td>\n<td style=\"width: 33.3333%; height: 24px;\">32.00 CHF<\/td>\n<\/tr>\n<tr style=\"height: 24px;\">\n<td style=\"width: 33.3333%; text-align: left; height: 24px;\"><\/td>\n<td style=\"width: 33.3333%; height: 24px;\">1.0 &#8211; 2.0 kg<\/td>\n<td style=\"width: 33.3333%; height: 24px;\">42.00 CHF<\/td>\n<\/tr>\n<tr style=\"height: 24px;\">\n<td style=\"width: 33.3333%; text-align: left; height: 24px;\"><\/td>\n<td style=\"width: 33.3333%; height: 24px;\">2.0 &#8211; 5.0 kg<\/td>\n<td style=\"width: 33.3333%; height: 24px;\">51.00 CHF<\/td>\n<\/tr>\n<\/tbody>\n<\/table>\n<p>Die Versandkosten werden Ihnen im Warenkorbsystem und auf der Bestellseite nochmals deutlich mitgeteilt.<\/p>\n<p>Die Versandkosten betragen abh\u00e4ngig vom jeweiligen Lieferland und dem Gewicht des Paketes zwischen 8.50 und 51.00 Schweizer Franken. Die Versandkosten enthalten die gesetzliche Mehrwertsteuer. Da die Mehrwertsteuer auf die Versandkosten abh\u00e4ngig von den erworbenen Waren berechnet wird, kann sie sich mindern, wenn Waren zu niedrigeren Umsatzsteuers\u00e4tzen erworben werden. Das bedeutet, dass die Versandkosten erst im Rahmen des Bestellprozesses endg\u00fcltig berechnet werden k\u00f6nnen. Sie k\u00f6nnen dabei jedoch nicht h\u00f6her, sondern nur zu Ihren Gunsten niedriger werden.<\/p>\n<p>[\/et_pb_text][\/et_pb_column][\/et_pb_row][\/et_pb_section]<\/p>\n","protected":false},"excerpt":{"rendered":"<p>Preise, Versandkosten und Lieferinformationen Die auf den Produktseiten genannten Preise enthalten die gesetzliche Mehrwertsteuer und sonstige Preisbestandteile. Zus\u00e4tzlich zu den angegebenen Preisen berechnen wir f\u00fcr die Lieferung folgende Versandkosten pro Bestellung basierend auf dem Gewicht des Paketes: Region Gewicht Kosten Liechtenstein, Schweiz 0.0 &#8211; 2.0 kg 8.50 CHF 2.0 &#8211; 5.0 kg 10.00 CHF 5.0 [&hellip;]<\/p>\n","protected":false},"author":3,"featured_media":0,"parent":0,"menu_order":0,"comment_status":"closed","ping_status":"closed","template":"","meta":{"_et_pb_use_builder":"on","_et_pb_old_content":"<strong>Haftungshinweis: Das nachstehende Muster ist von einem Rechtsanwalt (<a href=\"https:\/\/drschwenke.de\" rel=\"nofollow\">https:\/\/drschwenke.de<\/a>) entsprechend den typischen Anforderungen eines Onlineshops erstellt worden.\u00a0Jedoch sollten Sie das Muster nur\u00a0nach sorgf\u00e4ltiger Pr\u00fcfung und Anpassung auf Ihr konkretes Gesch\u00e4ftsmodell verwenden. Das nachfolgende Muster enth\u00e4lt daher zus\u00e4tzliche Hinweise, die Sie beachten m\u00fcssen und rote Passagen, die Sie besonders pr\u00fcfen und ggf. anpassen m\u00fcssen. Bitte entfernen Sie die Hinweise nach der Bearbeitung. Lassen Sie sich im Zweifel rechtlich beraten. Urheberrecht: Sie d\u00fcrfen das Muster solange innerhalb der Domain\/Website nutzen, solange f\u00fcr diese auch Ihre Marketpress-Lizenz gilt. Weitergabe an Dritte, auch an Kunden (z.B. als Entwickler) ist nicht erlaubt.<\/strong>\n\n<strong>Bitte beachten Sie, dass die Versandkosten oder zumindest die Berechnungsmethoden (z.B. nach Gewicht) f\u00fcr alle belieferten L&auml;nder angegeben werden sollen.<\/strong>\n\n<strong>Wenn Sie nur in bestimmte L&auml;nder liefern, m&uuml;ssen Sie dies den Kunden mitteilen. Zudem sollten Sie in den Einstellungen von WooCommerce nur diese L&auml;nder als \"Erlaubte L&auml;nder\" ausw&auml;hlen. Klauseln wie \"Versandkosten in andere L&auml;nder nur auf Anfrage\" sollten Sie nicht verwenden.<\/strong>\n\n<strong>Preise, Versandkosten und Lieferinformationen<\/strong>\n\nDie auf den Produktseiten genannten Preise enthalten die gesetzliche Mehrwertsteuer und sonstige Preisbestandteile.\n\nWir liefern nur innerhalb Deutschlands und &Ouml;sterreichs.\n\nZus&auml;tzlich zu den angegebenen Preisen berechnen wir f\u00fcr die Lieferung innerhalb Deutschlands und &Ouml;sterreichs pauschal [6,90 Euro pro Bestellung]. Die Versandkosten werden Ihnen im Warenkorbsystem und auf der Bestellseite nochmals deutlich mitgeteilt.\n\nBei Zahlung per Nachnahme wird eine zus&auml;tzliche Geb&uuml;hr in H&ouml;he von [2,- Euro] f&auml;llig, die der Zusteller vor Ort erhebt. [Weitere Steuern oder Kosten fallen nicht an.]\n\nF\u00fcr digitale Inhalte (E-Books, Software, etc.) fallen keine Versandkosten an.\n\n<strong>[Hinweis an H\u00e4ndler: Der folgende Passus ist notwendig, wenn Sie eine Versandkostenpauschale angeben. Ansonsten k\u00f6nnen sie den Passus entfernen]<\/strong>\n\nDie Versandkostenpauschale betr\u00e4gt [Wert Versandkostenpauschale angeben] Euro. Die Versandkostenpauschale enth\u00e4lt die gesetzliche Mehrwertsteuer. Da die Mehrwertsteuer auf die Versandkostenpauschale abh\u00e4ngig von den erworbenen Waren berechnet wird, kann sie sich mindern, wenn Waren zu niedrigeren Umsatzsteuers\u00e4tzen erworben werden (z.B. bei Erwerb von B\u00fcchern). Das bedeutet, dass die Versandkostenpauschale erst im Rahmen des Bestellprozesses endg\u00fcltig berechnet werden kann. Sie kann dabei jedoch nicht h\u00f6her, sondern nur zu Ihren Gunsten niedriger werden.","_et_gb_content_width":"","footnotes":""},"class_list":["post-221831","page","type-page","status-publish","hentry"],"_links":{"self":[{"href":"https:\/\/bobbergarage.li\/de\/wp-json\/wp\/v2\/pages\/221831","targetHints":{"allow":["GET"]}}],"collection":[{"href":"https:\/\/bobbergarage.li\/de\/wp-json\/wp\/v2\/pages"}],"about":[{"href":"https:\/\/bobbergarage.li\/de\/wp-json\/wp\/v2\/types\/page"}],"author":[{"embeddable":true,"href":"https:\/\/bobbergarage.li\/de\/wp-json\/wp\/v2\/users\/3"}],"replies":[{"embeddable":true,"href":"https:\/\/bobbergarage.li\/de\/wp-json\/wp\/v2\/comments?post=221831"}],"version-history":[{"count":11,"href":"https:\/\/bobbergarage.li\/de\/wp-json\/wp\/v2\/pages\/221831\/revisions"}],"predecessor-version":[{"id":223984,"href":"https:\/\/bobbergarage.li\/de\/wp-json\/wp\/v2\/pages\/221831\/revisions\/223984"}],"wp:attachment":[{"href":"https:\/\/bobbergarage.li\/de\/wp-json\/wp\/v2\/media?parent=221831"}],"curies":[{"name":"wp","href":"https:\/\/api.w.org\/{rel}","templated":true}]}}