{"id":221737,"date":"2025-11-08T14:33:18","date_gmt":"2025-11-08T13:33:18","guid":{"rendered":"https:\/\/bobbergarage.li\/?page_id=221737"},"modified":"2026-01-23T18:54:43","modified_gmt":"2026-01-23T17:54:43","slug":"bobber-chopper-run","status":"publish","type":"page","link":"https:\/\/bobbergarage.li\/de\/bobber-chopper-run\/","title":{"rendered":"Bobber Chopper Run"},"content":{"rendered":"<p>[et_pb_section fb_built=&#8221;1&#8243; _builder_version=&#8221;4.27.5&#8243; _module_preset=&#8221;default&#8221; background_image=&#8221;https:\/\/bobbergarage.li\/wp-content\/uploads\/2025\/10\/2bb48635-785c-410f-8f0d-de799eaa890c.jpg&#8221; min_height=&#8221;500px&#8221; height=&#8221;63vh&#8221; max_height=&#8221;700px&#8221; custom_padding=&#8221;||||false|false&#8221; hover_enabled=&#8221;0&#8243; global_colors_info=&#8221;{}&#8221; sticky_enabled=&#8221;0&#8243;][\/et_pb_section][et_pb_section fb_built=&#8221;1&#8243; _builder_version=&#8221;4.27.4&#8243; _module_preset=&#8221;default&#8221; background_enable_color=&#8221;off&#8221; global_colors_info=&#8221;{}&#8221;][et_pb_row _builder_version=&#8221;4.27.4&#8243; _module_preset=&#8221;default&#8221; global_colors_info=&#8221;{}&#8221;][et_pb_column type=&#8221;4_4&#8243; _builder_version=&#8221;4.27.4&#8243; _module_preset=&#8221;default&#8221; global_colors_info=&#8221;{}&#8221;][et_pb_text _builder_version=&#8221;4.27.4&#8243; _module_preset=&#8221;default&#8221; header_font=&#8221;|||on|||||&#8221; header_text_align=&#8221;center&#8221; header_text_color=&#8221;gcid-primary-color&#8221; header_font_size=&#8221;60px&#8221; header_letter_spacing=&#8221;1px&#8221; header_2_font=&#8221;|||on|||||&#8221; header_2_text_align=&#8221;center&#8221; header_2_text_color=&#8221;gcid-primary-color&#8221; header_2_font_size=&#8221;40px&#8221; header_2_letter_spacing=&#8221;1px&#8221; header_2_line_height=&#8221;1.5em&#8221; header_font_size_tablet=&#8221;55px&#8221; header_font_size_phone=&#8221;55px&#8221; header_font_size_last_edited=&#8221;on|desktop&#8221; header_2_font_size_tablet=&#8221;35px&#8221; header_2_font_size_phone=&#8221;35px&#8221; header_2_font_size_last_edited=&#8221;on|tablet&#8221; global_colors_info=&#8221;{%22gcid-primary-color%22:%91%22header_text_color%22,%22header_2_text_color%22%93}&#8221;]<\/p>\n<h1>Bobber Chopper Run<\/h1>\n<h2>2x im Jahr unterwegs mit euch!<\/h2>\n<p>[\/et_pb_text][\/et_pb_column][\/et_pb_row][et_pb_row _builder_version=&#8221;4.27.4&#8243; _module_preset=&#8221;default&#8221; global_colors_info=&#8221;{}&#8221;][et_pb_column type=&#8221;4_4&#8243; _builder_version=&#8221;4.27.4&#8243; _module_preset=&#8221;default&#8221; global_colors_info=&#8221;{}&#8221;][et_pb_text _builder_version=&#8221;4.27.4&#8243; _module_preset=&#8221;default&#8221; text_font_size=&#8221;15px&#8221; global_colors_info=&#8221;{}&#8221;]<\/p>\n<p>Zweimal im Jahr lassen wir den Alltag hinter uns und machen das, was wir am liebsten tun: gemeinsam mit Kunden, Freunden und Gleichgesinnten auf unseren Bikes unterwegs sein.<\/p>\n<p>Unser Bobber Chopper Run ist ein verl\u00e4ngertes Wochenende \u2013 4 Tage, rund 800\u20131.000 Kilometer entspannte Routen durch wundersch\u00f6ne Landschaften. Viele Stopps, gutes Essen, null Stress und beste Laune garantiert.<\/p>\n<p>Jedes Jahr planen wir eine neue Tour, damit&#8217;s nie langweilig wird: mal \u00d6sterreich, Schweiz, Italien oder Deutschland \u2013 von charmanten D\u00f6rfern bis hin zu beeindruckenden Passstra\u00dfen. Und bei den Unterk\u00fcnften? Von traditionell und gem\u00fctlich bis exklusiv und aussergew\u00f6hnlich \u2013 alles schon dabei<\/p>\n<p>[\/et_pb_text][\/et_pb_column][\/et_pb_row][et_pb_row _builder_version=&#8221;4.27.4&#8243; _module_preset=&#8221;default&#8221; custom_padding=&#8221;5px||5px||true|false&#8221; global_colors_info=&#8221;{}&#8221;][et_pb_column type=&#8221;4_4&#8243; _builder_version=&#8221;4.27.4&#8243; _module_preset=&#8221;default&#8221; global_colors_info=&#8221;{}&#8221;][et_pb_divider divider_position=&#8221;center&#8221; divider_weight=&#8221;4px&#8221; _builder_version=&#8221;4.27.4&#8243; _module_preset=&#8221;default&#8221; custom_padding=&#8221;5px||9px||false|false&#8221; global_colors_info=&#8221;{}&#8221;][\/et_pb_divider][\/et_pb_column][\/et_pb_row][et_pb_row column_structure=&#8221;1_3,1_3,1_3&#8243; _builder_version=&#8221;4.27.4&#8243; _module_preset=&#8221;default&#8221; custom_padding=&#8221;||45px||false|false&#8221; global_colors_info=&#8221;{}&#8221;][et_pb_column type=&#8221;1_3&#8243; _builder_version=&#8221;4.27.4&#8243; _module_preset=&#8221;default&#8221; global_colors_info=&#8221;{}&#8221;][et_pb_heading title=&#8221;So l\u00e4uft&#8217;s ab&#8221; _builder_version=&#8221;4.27.4&#8243; _module_preset=&#8221;default&#8221; title_level=&#8221;h2&#8243; title_font=&#8221;|||on|||||&#8221; title_text_align=&#8221;center&#8221; custom_margin=&#8221;||20px||false|false&#8221; global_colors_info=&#8221;{}&#8221;][\/et_pb_heading][et_pb_text _builder_version=&#8221;4.27.4&#8243; _module_preset=&#8221;default&#8221; text_font_size=&#8221;15px&#8221; global_colors_info=&#8221;{}&#8221;]<\/p>\n<p>Los geht&#8217;s immer am Vorabend mit einem gemeinsamen Dinner in Malbun (FL). Dort lernen wir uns kennen, essen was Gutes und quatschen entspannt \u00fcber die Tour.<br \/>Du bekommst deine Roadmap, wir erkl\u00e4ren kurz den Ablauf \u2013 und am n\u00e4chsten Morgen starten wir gemeinsam ins Abenteuer.<\/p>\n<p>Alles, was du brauchst: Vollgetanktes Bike, Helm und gute Laune.<\/p>\n<p>Den Rest \u00fcbernehmen wir \u2013 Organisation, Unterkunft, Gep\u00e4cktransport, Verpflegung. Du musst nur fahren und geniessen.<\/p>\n<p>[\/et_pb_text][\/et_pb_column][et_pb_column type=&#8221;1_3&#8243; _builder_version=&#8221;4.27.4&#8243; _module_preset=&#8221;default&#8221; global_colors_info=&#8221;{}&#8221;][et_pb_heading title=&#8221;Was ist dabei?&#8221; _builder_version=&#8221;4.27.4&#8243; _module_preset=&#8221;default&#8221; title_level=&#8221;h2&#8243; title_font=&#8221;|||on|||||&#8221; title_text_align=&#8221;center&#8221; custom_margin=&#8221;||20px||false|false&#8221; global_colors_info=&#8221;{}&#8221;][\/et_pb_heading][et_pb_text _builder_version=&#8221;4.27.4&#8243; _module_preset=&#8221;default&#8221; text_font_size=&#8221;15px&#8221; ul_font_size=&#8221;15px&#8221; custom_margin=&#8221;||||false|false&#8221; custom_padding=&#8221;||||false|false&#8221; custom_css_free_form=&#8221;li::marker {||  color: #958256;||}&#8221; global_colors_info=&#8221;{}&#8221;]<\/p>\n<ul>\n<li>4 Tage Ausfahrt mit Gleichgesinnten \u2013 ob Stammkunde, Schrauberfreund oder einfach Motorradverr\u00fcckt<\/li>\n<li>\u00dcbernachtungen &amp; Verpflegung inklusive \u2013 coole Unterk\u00fcnfte, gutes Essen, kalte Ap\u00e9ros<\/li>\n<li>Geile Strecken &amp; entspannte Stimmung \u2013 wir kennen die sch\u00f6nsten Routen f\u00fcr unsere alten Kisten<\/li>\n<li>Abends zusammensitzen, lachen, schrauben \u2013 wie ein Roadtrip mit Freunden<br \/>Begleitfahrzeug mit Werkzeug, Ersatzteilen, Getr\u00e4nken &amp; Gep\u00e4ck<\/li>\n<li>Mehr Platz f\u00fcr das, was z\u00e4hlt \u2013 dein Gep\u00e4ck f\u00e4hrt im Bus mit<\/li>\n<li>Alles organisiert \u2013 du brauchst dich um nichts zu k\u00fcmmern<\/li>\n<\/ul>\n<p>[\/et_pb_text][\/et_pb_column][et_pb_column type=&#8221;1_3&#8243; _builder_version=&#8221;4.27.4&#8243; _module_preset=&#8221;default&#8221; global_colors_info=&#8221;{}&#8221;][et_pb_heading title=&#8221;F\u00fcr wen ist das Ganze?&#8221; _builder_version=&#8221;4.27.4&#8243; _module_preset=&#8221;default&#8221; title_level=&#8221;h2&#8243; title_font=&#8221;|||on|||||&#8221; title_text_align=&#8221;center&#8221; custom_margin=&#8221;||20px||false|false&#8221; global_colors_info=&#8221;{}&#8221;][\/et_pb_heading][et_pb_text _builder_version=&#8221;4.27.4&#8243; _module_preset=&#8221;default&#8221; text_font_size=&#8221;15px&#8221; global_colors_info=&#8221;{}&#8221;]<\/p>\n<p>F\u00fcr alle, die Lust auf entspannte Ausfahrten, gute Gesellschaft und coole Schraubergespr\u00e4che haben. Egal, ob du mit einem selbstgebauten Bobber, einem Serienmodell oder deinem Chopper unterwegs bist \u2013 Hauptsache dein Harley-Bike hat Charakter und du Spass am Fahren.<\/p>\n<p>[\/et_pb_text][\/et_pb_column][\/et_pb_row][et_pb_row _builder_version=&#8221;4.27.4&#8243; _module_preset=&#8221;default&#8221; custom_padding=&#8221;||45px||false|false&#8221; global_colors_info=&#8221;{}&#8221;][et_pb_column type=&#8221;4_4&#8243; _builder_version=&#8221;4.27.4&#8243; _module_preset=&#8221;default&#8221; global_colors_info=&#8221;{}&#8221;][et_pb_heading title=&#8221;Wichtig zu wissen&#8221; _builder_version=&#8221;4.27.4&#8243; _module_preset=&#8221;default&#8221; title_level=&#8221;h2&#8243; title_font=&#8221;|||on|||||&#8221; title_text_align=&#8221;center&#8221; custom_margin=&#8221;||20px||false|false&#8221; global_colors_info=&#8221;{}&#8221;][\/et_pb_heading][et_pb_text _builder_version=&#8221;4.27.4&#8243; _module_preset=&#8221;default&#8221; text_font_size=&#8221;15px&#8221; width=&#8221;100%&#8221; width_last_edited=&#8221;off|desktop&#8221; max_width=&#8221;750px&#8221; max_width_tablet=&#8221;750px&#8221; max_width_phone=&#8221;750px&#8221; max_width_last_edited=&#8221;on|desktop&#8221; module_alignment=&#8221;center&#8221; global_colors_info=&#8221;{}&#8221;]<\/p>\n<ul>\n<li>Pl\u00e4tze sind begrenzt &#8211; weil wir in kleiner Runde unterwegs sein wollen (max. 20 Personen)<\/li>\n<li>Die Touren sind nicht f\u00fcr Rennfahrer &#8211; sondern f\u00fcr Geniesser<\/li>\n<li>Es geht uns nicht um Show &#8211; sondern ums gemeinsame Erleben<\/li>\n<li>Wir legen keinen Wert auf enorm Kilometer \u2013 sondern auf sch\u00f6ne Strecken und viele Gelegenheiten traumhafte Landschaften und gute Gespr\u00e4che zu geniessen<\/li>\n<\/ul>\n<p>[\/et_pb_text][\/et_pb_column][\/et_pb_row][et_pb_row _builder_version=&#8221;4.27.4&#8243; _module_preset=&#8221;default&#8221; global_colors_info=&#8221;{}&#8221;][et_pb_column type=&#8221;4_4&#8243; _builder_version=&#8221;4.27.4&#8243; _module_preset=&#8221;default&#8221; global_colors_info=&#8221;{}&#8221;][et_pb_heading title=&#8221;Du willst dabei sein?&#8221; _builder_version=&#8221;4.27.4&#8243; _module_preset=&#8221;default&#8221; title_level=&#8221;h2&#8243; title_font=&#8221;|||on|||||&#8221; title_text_align=&#8221;center&#8221; custom_margin=&#8221;||20px||false|false&#8221; global_colors_info=&#8221;{}&#8221;][\/et_pb_heading][et_pb_text _builder_version=&#8221;4.27.4&#8243; _module_preset=&#8221;default&#8221; text_font_size=&#8221;15px&#8221; link_font_size=&#8221;15px&#8221; text_orientation=&#8221;center&#8221; global_colors_info=&#8221;{}&#8221;]<\/p>\n<p>Dann melde dich bei Selina:<br \/><a href=\"mailto:selina@bobbergarage.li\">selina@bobbergarage.li<\/a><\/p>\n<p>Oder ruf einfach an \u2013 wir erz\u00e4hlen dir gerne die Details.<\/p>\n<p>Wir freuen uns auf die n\u00e4chste Runde \u2013 mit alten Bekannten und neuen Gesichtern!<\/p>\n<p>[\/et_pb_text][et_pb_button button_url=&#8221;https:\/\/bobbergarage.li\/contact-us#et_pb_contact_form_1&#8243; button_text=&#8221;Los geht&#8217;s&#8221; button_alignment=&#8221;center&#8221; _builder_version=&#8221;4.27.5&#8243; _module_preset=&#8221;default&#8221; global_colors_info=&#8221;{}&#8221;][\/et_pb_button][\/et_pb_column][\/et_pb_row][\/et_pb_section]<\/p>\n","protected":false},"excerpt":{"rendered":"<p>Bobber Chopper Run 2x im Jahr unterwegs mit euch!Zweimal im Jahr lassen wir den Alltag hinter uns und machen das, was wir am liebsten tun: gemeinsam mit Kunden, Freunden und Gleichgesinnten auf unseren Bikes unterwegs sein. Unser Bobber Chopper Run ist ein verl\u00e4ngertes Wochenende \u2013 4 Tage, rund 800\u20131.000 Kilometer entspannte Routen durch wundersch\u00f6ne Landschaften. [&hellip;]<\/p>\n","protected":false},"author":32,"featured_media":0,"parent":0,"menu_order":0,"comment_status":"closed","ping_status":"closed","template":"","meta":{"_et_pb_use_builder":"on","_et_pb_old_content":"","_et_gb_content_width":"","footnotes":""},"class_list":["post-221737","page","type-page","status-publish","hentry"],"_links":{"self":[{"href":"https:\/\/bobbergarage.li\/de\/wp-json\/wp\/v2\/pages\/221737","targetHints":{"allow":["GET"]}}],"collection":[{"href":"https:\/\/bobbergarage.li\/de\/wp-json\/wp\/v2\/pages"}],"about":[{"href":"https:\/\/bobbergarage.li\/de\/wp-json\/wp\/v2\/types\/page"}],"author":[{"embeddable":true,"href":"https:\/\/bobbergarage.li\/de\/wp-json\/wp\/v2\/users\/32"}],"replies":[{"embeddable":true,"href":"https:\/\/bobbergarage.li\/de\/wp-json\/wp\/v2\/comments?post=221737"}],"version-history":[{"count":51,"href":"https:\/\/bobbergarage.li\/de\/wp-json\/wp\/v2\/pages\/221737\/revisions"}],"predecessor-version":[{"id":223528,"href":"https:\/\/bobbergarage.li\/de\/wp-json\/wp\/v2\/pages\/221737\/revisions\/223528"}],"wp:attachment":[{"href":"https:\/\/bobbergarage.li\/de\/wp-json\/wp\/v2\/media?parent=221737"}],"curies":[{"name":"wp","href":"https:\/\/api.w.org\/{rel}","templated":true}]}}